{"id":193,"date":"2023-01-15T19:37:41","date_gmt":"2023-01-15T18:37:41","guid":{"rendered":"https:\/\/dobrostanumyslu.org\/?page_id=193"},"modified":"2023-01-16T13:42:16","modified_gmt":"2023-01-16T12:42:16","slug":"projekty-szkola-dzieci-uczen","status":"publish","type":"page","link":"https:\/\/dobrostanumyslu.org\/?page_id=193","title":{"rendered":"PROJEKTY"},"content":{"rendered":"\t\t<div data-elementor-type=\"wp-page\" data-elementor-id=\"193\" class=\"elementor elementor-193\">\n\t\t\t\t\t\t<section class=\"elementor-section elementor-top-section elementor-element elementor-element-1d81759 elementor-section-boxed elementor-section-height-default elementor-section-height-default\" data-id=\"1d81759\" data-element_type=\"section\" data-e-type=\"section\">\n\t\t\t\t\t\t<div class=\"elementor-container elementor-column-gap-default\">\n\t\t\t\t\t<div class=\"elementor-column elementor-col-100 elementor-top-column elementor-element elementor-element-9a34848\" data-id=\"9a34848\" data-element_type=\"column\" data-e-type=\"column\">\n\t\t\t<div class=\"elementor-widget-wrap elementor-element-populated\">\n\t\t\t\t\t\t\t<\/div>\n\t\t<\/div>\n\t\t\t\t\t<\/div>\n\t\t<\/section>\n\t\t\t\t<\/div>\n\t\t","protected":false},"excerpt":{"rendered":"","protected":false},"author":1,"featured_media":0,"parent":0,"menu_order":0,"comment_status":"closed","ping_status":"closed","template":"","meta":{"site-sidebar-layout":"no-sidebar","site-content-layout":"page-builder","ast-site-content-layout":"","site-content-style":"default","site-sidebar-style":"default","ast-global-header-display":"","ast-banner-title-visibility":"","ast-main-header-display":"","ast-hfb-above-header-display":"","ast-hfb-below-header-display":"","ast-hfb-mobile-header-display":"","site-post-title":"disabled","ast-breadcrumbs-content":"","ast-featured-img":"disabled","footer-sml-layout":"","theme-transparent-header-meta":"","adv-header-id-meta":"","stick-header-meta":"","header-above-stick-meta":"","header-main-stick-meta":"","header-below-stick-meta":"","astra-migrate-meta-layouts":"","footnotes":""},"class_list":["post-193","page","type-page","status-publish","hentry"],"yoast_head":"<!-- This site is optimized with the Yoast SEO plugin v27.4 - https:\/\/yoast.com\/product\/yoast-seo-wordpress\/ -->\n<title>PROJEKTY - Fundacja Dobrostan Umys\u0142u<\/title>\n<meta name=\"robots\" content=\"index, follow, max-snippet:-1, max-image-preview:large, max-video-preview:-1\" \/>\n<link rel=\"canonical\" href=\"https:\/\/dobrostanumyslu.org\/?page_id=193\" \/>\n<meta property=\"og:locale\" content=\"pl_PL\" \/>\n<meta property=\"og:type\" content=\"article\" \/>\n<meta property=\"og:title\" content=\"PROJEKTY - Fundacja Dobrostan Umys\u0142u\" \/>\n<meta property=\"og:url\" content=\"https:\/\/dobrostanumyslu.org\/?page_id=193\" \/>\n<meta property=\"og:site_name\" content=\"Fundacja Dobrostan Umys\u0142u\" \/>\n<meta property=\"article:modified_time\" content=\"2023-01-16T12:42:16+00:00\" \/>\n<meta name=\"twitter:card\" content=\"summary_large_image\" \/>\n<script type=\"application\/ld+json\" class=\"yoast-schema-graph\">{\"@context\":\"https:\\\/\\\/schema.org\",\"@graph\":[{\"@type\":\"WebPage\",\"@id\":\"https:\\\/\\\/dobrostanumyslu.org\\\/?page_id=193\",\"url\":\"https:\\\/\\\/dobrostanumyslu.org\\\/?page_id=193\",\"name\":\"PROJEKTY - Fundacja Dobrostan Umys\u0142u\",\"isPartOf\":{\"@id\":\"https:\\\/\\\/dobrostanumyslu.org\\\/#website\"},\"datePublished\":\"2023-01-15T18:37:41+00:00\",\"dateModified\":\"2023-01-16T12:42:16+00:00\",\"breadcrumb\":{\"@id\":\"https:\\\/\\\/dobrostanumyslu.org\\\/?page_id=193#breadcrumb\"},\"inLanguage\":\"pl-PL\",\"potentialAction\":[{\"@type\":\"ReadAction\",\"target\":[\"https:\\\/\\\/dobrostanumyslu.org\\\/?page_id=193\"]}]},{\"@type\":\"BreadcrumbList\",\"@id\":\"https:\\\/\\\/dobrostanumyslu.org\\\/?page_id=193#breadcrumb\",\"itemListElement\":[{\"@type\":\"ListItem\",\"position\":1,\"name\":\"Home\",\"item\":\"https:\\\/\\\/dobrostanumyslu.org\\\/\"},{\"@type\":\"ListItem\",\"position\":2,\"name\":\"PROJEKTY\"}]},{\"@type\":\"WebSite\",\"@id\":\"https:\\\/\\\/dobrostanumyslu.org\\\/#website\",\"url\":\"https:\\\/\\\/dobrostanumyslu.org\\\/\",\"name\":\"Fundacja Dobrostan Umys\u0142u\",\"description\":\"Dzieci, rodzice i nauczyciele maj\u0105 prawo do rozwoju, dobrostanu, godnego \u017cycia i edukacji. Tworzymy wsp\u00f3lnot\u0119 cel\u00f3w i dzia\u0142a\u0144, kszta\u0142tujemy przysz\u0142o\u015b\u0107\",\"publisher\":{\"@id\":\"https:\\\/\\\/dobrostanumyslu.org\\\/#organization\"},\"potentialAction\":[{\"@type\":\"SearchAction\",\"target\":{\"@type\":\"EntryPoint\",\"urlTemplate\":\"https:\\\/\\\/dobrostanumyslu.org\\\/?s={search_term_string}\"},\"query-input\":{\"@type\":\"PropertyValueSpecification\",\"valueRequired\":true,\"valueName\":\"search_term_string\"}}],\"inLanguage\":\"pl-PL\"},{\"@type\":\"Organization\",\"@id\":\"https:\\\/\\\/dobrostanumyslu.org\\\/#organization\",\"name\":\"Fundacja Dobrostan Umys\u0142u\",\"url\":\"https:\\\/\\\/dobrostanumyslu.org\\\/\",\"logo\":{\"@type\":\"ImageObject\",\"inLanguage\":\"pl-PL\",\"@id\":\"https:\\\/\\\/dobrostanumyslu.org\\\/#\\\/schema\\\/logo\\\/image\\\/\",\"url\":\"https:\\\/\\\/dobrostanumyslu.org\\\/wp-content\\\/uploads\\\/2022\\\/10\\\/dobrostan-2.png\",\"contentUrl\":\"https:\\\/\\\/dobrostanumyslu.org\\\/wp-content\\\/uploads\\\/2022\\\/10\\\/dobrostan-2.png\",\"width\":240,\"height\":209,\"caption\":\"Fundacja Dobrostan Umys\u0142u\"},\"image\":{\"@id\":\"https:\\\/\\\/dobrostanumyslu.org\\\/#\\\/schema\\\/logo\\\/image\\\/\"}}]}<\/script>\n<!-- \/ Yoast SEO plugin. -->","yoast_head_json":{"title":"PROJEKTY - Fundacja Dobrostan Umys\u0142u","robots":{"index":"index","follow":"follow","max-snippet":"max-snippet:-1","max-image-preview":"max-image-preview:large","max-video-preview":"max-video-preview:-1"},"canonical":"https:\/\/dobrostanumyslu.org\/?page_id=193","og_locale":"pl_PL","og_type":"article","og_title":"PROJEKTY - Fundacja Dobrostan Umys\u0142u","og_url":"https:\/\/dobrostanumyslu.org\/?page_id=193","og_site_name":"Fundacja Dobrostan Umys\u0142u","article_modified_time":"2023-01-16T12:42:16+00:00","twitter_card":"summary_large_image","schema":{"@context":"https:\/\/schema.org","@graph":[{"@type":"WebPage","@id":"https:\/\/dobrostanumyslu.org\/?page_id=193","url":"https:\/\/dobrostanumyslu.org\/?page_id=193","name":"PROJEKTY - Fundacja Dobrostan Umys\u0142u","isPartOf":{"@id":"https:\/\/dobrostanumyslu.org\/#website"},"datePublished":"2023-01-15T18:37:41+00:00","dateModified":"2023-01-16T12:42:16+00:00","breadcrumb":{"@id":"https:\/\/dobrostanumyslu.org\/?page_id=193#breadcrumb"},"inLanguage":"pl-PL","potentialAction":[{"@type":"ReadAction","target":["https:\/\/dobrostanumyslu.org\/?page_id=193"]}]},{"@type":"BreadcrumbList","@id":"https:\/\/dobrostanumyslu.org\/?page_id=193#breadcrumb","itemListElement":[{"@type":"ListItem","position":1,"name":"Home","item":"https:\/\/dobrostanumyslu.org\/"},{"@type":"ListItem","position":2,"name":"PROJEKTY"}]},{"@type":"WebSite","@id":"https:\/\/dobrostanumyslu.org\/#website","url":"https:\/\/dobrostanumyslu.org\/","name":"Fundacja Dobrostan Umys\u0142u","description":"Dzieci, rodzice i nauczyciele maj\u0105 prawo do rozwoju, dobrostanu, godnego \u017cycia i edukacji. Tworzymy wsp\u00f3lnot\u0119 cel\u00f3w i dzia\u0142a\u0144, kszta\u0142tujemy przysz\u0142o\u015b\u0107","publisher":{"@id":"https:\/\/dobrostanumyslu.org\/#organization"},"potentialAction":[{"@type":"SearchAction","target":{"@type":"EntryPoint","urlTemplate":"https:\/\/dobrostanumyslu.org\/?s={search_term_string}"},"query-input":{"@type":"PropertyValueSpecification","valueRequired":true,"valueName":"search_term_string"}}],"inLanguage":"pl-PL"},{"@type":"Organization","@id":"https:\/\/dobrostanumyslu.org\/#organization","name":"Fundacja Dobrostan Umys\u0142u","url":"https:\/\/dobrostanumyslu.org\/","logo":{"@type":"ImageObject","inLanguage":"pl-PL","@id":"https:\/\/dobrostanumyslu.org\/#\/schema\/logo\/image\/","url":"https:\/\/dobrostanumyslu.org\/wp-content\/uploads\/2022\/10\/dobrostan-2.png","contentUrl":"https:\/\/dobrostanumyslu.org\/wp-content\/uploads\/2022\/10\/dobrostan-2.png","width":240,"height":209,"caption":"Fundacja Dobrostan Umys\u0142u"},"image":{"@id":"https:\/\/dobrostanumyslu.org\/#\/schema\/logo\/image\/"}}]}},"_links":{"self":[{"href":"https:\/\/dobrostanumyslu.org\/index.php?rest_route=\/wp\/v2\/pages\/193","targetHints":{"allow":["GET"]}}],"collection":[{"href":"https:\/\/dobrostanumyslu.org\/index.php?rest_route=\/wp\/v2\/pages"}],"about":[{"href":"https:\/\/dobrostanumyslu.org\/index.php?rest_route=\/wp\/v2\/types\/page"}],"author":[{"embeddable":true,"href":"https:\/\/dobrostanumyslu.org\/index.php?rest_route=\/wp\/v2\/users\/1"}],"replies":[{"embeddable":true,"href":"https:\/\/dobrostanumyslu.org\/index.php?rest_route=%2Fwp%2Fv2%2Fcomments&post=193"}],"version-history":[{"count":11,"href":"https:\/\/dobrostanumyslu.org\/index.php?rest_route=\/wp\/v2\/pages\/193\/revisions"}],"predecessor-version":[{"id":261,"href":"https:\/\/dobrostanumyslu.org\/index.php?rest_route=\/wp\/v2\/pages\/193\/revisions\/261"}],"wp:attachment":[{"href":"https:\/\/dobrostanumyslu.org\/index.php?rest_route=%2Fwp%2Fv2%2Fmedia&parent=193"}],"curies":[{"name":"wp","href":"https:\/\/api.w.org\/{rel}","templated":true}]}}